{"id":42,"date":"2020-11-22T22:27:36","date_gmt":"2020-11-22T21:27:36","guid":{"rendered":"http:\/\/laclefamolette.fr\/?page_id=42"},"modified":"2020-11-23T09:36:28","modified_gmt":"2020-11-23T08:36:28","slug":"bonjour","status":"publish","type":"page","link":"https:\/\/laclefamolette.fr\/","title":{"rendered":"Bonjour"},"content":{"rendered":"\n<p>Nous voulons changer les pratiques illogiques. Nous voulons passer \u00e0 l&rsquo;action. Nous voulons \u00eatre l&#8217;emp\u00eacheur de tourner en rond. Nous voulons qu&rsquo;ils pensent \u00e0 nous tous les jours, qu&rsquo;ils pensent \u00e0 ce que nous allons faire demain, qu&rsquo;il pensent \u00e0 ce que vous allez penser de nos actions. Nous voulons un r\u00e9veil global. <\/p>\n","protected":false},"excerpt":{"rendered":"<p>Nous voulons changer les pratiques illogiques. Nous voulons passer \u00e0 l&rsquo;action. Nous voulons \u00eatre l&#8217;emp\u00eacheur de tourner en rond. Nous voulons qu&rsquo;ils pensent \u00e0 nous tous les jours, qu&rsquo;ils pensent \u00e0 ce que nous allons faire demain, qu&rsquo;il pensent \u00e0 ce que vous allez penser de nos actions. Nous voulons un r\u00e9veil global.<\/p>\n","protected":false},"author":1,"featured_media":0,"parent":0,"menu_order":0,"comment_status":"closed","ping_status":"closed","template":"","meta":[],"yoast_head":"<!-- This site is optimized with the Yoast SEO plugin v15.3 - https:\/\/yoast.com\/wordpress\/plugins\/seo\/ -->\n<title>Bonjour - LA CLEF A MOLETTE<\/title>\n<meta name=\"robots\" content=\"index, follow, max-snippet:-1, max-image-preview:large, max-video-preview:-1\" \/>\n<link rel=\"canonical\" href=\"https:\/\/laclefamolette.fr\/\" \/>\n<meta property=\"og:locale\" content=\"fr_FR\" \/>\n<meta property=\"og:type\" content=\"article\" \/>\n<meta property=\"og:title\" content=\"Bonjour - LA CLEF A MOLETTE\" \/>\n<meta property=\"og:description\" content=\"Nous voulons changer les pratiques illogiques. Nous voulons passer \u00e0 l&rsquo;action. Nous voulons \u00eatre l&#8217;emp\u00eacheur de tourner en rond. Nous voulons qu&rsquo;ils pensent \u00e0 nous tous les jours, qu&rsquo;ils pensent \u00e0 ce que nous allons faire demain, qu&rsquo;il pensent \u00e0 ce que vous allez penser de nos actions. Nous voulons un r\u00e9veil global.\" \/>\n<meta property=\"og:url\" content=\"https:\/\/laclefamolette.fr\/\" \/>\n<meta property=\"og:site_name\" content=\"LA CLEF A MOLETTE\" \/>\n<meta property=\"article:modified_time\" content=\"2020-11-23T08:36:28+00:00\" \/>\n<meta name=\"twitter:card\" content=\"summary_large_image\" \/>\n<meta name=\"twitter:label1\" content=\"\u00c9crit par\">\n\t<meta name=\"twitter:data1\" content=\"admin6565\">\n\t<meta name=\"twitter:label2\" content=\"Dur\u00e9e de lecture est.\">\n\t<meta name=\"twitter:data2\" content=\"0 minute\">\n<script type=\"application\/ld+json\" class=\"yoast-schema-graph\">{\"@context\":\"https:\/\/schema.org\",\"@graph\":[{\"@type\":\"WebSite\",\"@id\":\"https:\/\/laclefamolette.fr\/#website\",\"url\":\"https:\/\/laclefamolette.fr\/\",\"name\":\"LA CLEF A MOLETTE\",\"description\":\"\",\"potentialAction\":[{\"@type\":\"SearchAction\",\"target\":\"https:\/\/laclefamolette.fr\/?s={search_term_string}\",\"query-input\":\"required name=search_term_string\"}],\"inLanguage\":\"fr-FR\"},{\"@type\":\"WebPage\",\"@id\":\"https:\/\/laclefamolette.fr\/#webpage\",\"url\":\"https:\/\/laclefamolette.fr\/\",\"name\":\"Bonjour - LA CLEF A MOLETTE\",\"isPartOf\":{\"@id\":\"https:\/\/laclefamolette.fr\/#website\"},\"datePublished\":\"2020-11-22T21:27:36+00:00\",\"dateModified\":\"2020-11-23T08:36:28+00:00\",\"inLanguage\":\"fr-FR\",\"potentialAction\":[{\"@type\":\"ReadAction\",\"target\":[\"https:\/\/laclefamolette.fr\/\"]}]}]}<\/script>\n<!-- \/ Yoast SEO plugin. -->","_links":{"self":[{"href":"https:\/\/laclefamolette.fr\/index.php?rest_route=\/wp\/v2\/pages\/42"}],"collection":[{"href":"https:\/\/laclefamolette.fr\/index.php?rest_route=\/wp\/v2\/pages"}],"about":[{"href":"https:\/\/laclefamolette.fr\/index.php?rest_route=\/wp\/v2\/types\/page"}],"author":[{"embeddable":true,"href":"https:\/\/laclefamolette.fr\/index.php?rest_route=\/wp\/v2\/users\/1"}],"replies":[{"embeddable":true,"href":"https:\/\/laclefamolette.fr\/index.php?rest_route=%2Fwp%2Fv2%2Fcomments&post=42"}],"version-history":[{"count":2,"href":"https:\/\/laclefamolette.fr\/index.php?rest_route=\/wp\/v2\/pages\/42\/revisions"}],"predecessor-version":[{"id":71,"href":"https:\/\/laclefamolette.fr\/index.php?rest_route=\/wp\/v2\/pages\/42\/revisions\/71"}],"wp:attachment":[{"href":"https:\/\/laclefamolette.fr\/index.php?rest_route=%2Fwp%2Fv2%2Fmedia&parent=42"}],"curies":[{"name":"wp","href":"https:\/\/api.w.org\/{rel}","templated":true}]}}